{"id":1600,"date":"2024-12-19T13:40:31","date_gmt":"2024-12-19T12:40:31","guid":{"rendered":"https:\/\/gulbepro.es\/?page_id=1600"},"modified":"2025-07-03T08:43:34","modified_gmt":"2025-07-03T06:43:34","slug":"capilla-del-santisimo-cristo-de-la-carcel","status":"publish","type":"page","link":"https:\/\/gulbepro.es\/index.php\/capilla-del-santisimo-cristo-de-la-carcel\/","title":{"rendered":"Capilla del Sant\u00edsimo Cristo de la C\u00e1rcel"},"content":{"rendered":"\t\t<div data-elementor-type=\"wp-page\" data-elementor-id=\"1600\" class=\"elementor elementor-1600\" data-elementor-settings=\"[]\">\n\t\t\t\t\t\t\t<div class=\"elementor-section-wrap\">\n\t\t\t\t\t\t\t<section class=\"elementor-section elementor-top-section elementor-element elementor-element-665c14db elementor-section-boxed elementor-section-height-default elementor-section-height-default\" data-id=\"665c14db\" data-element_type=\"section\">\n\t\t\t\t\t\t<div class=\"elementor-container elementor-column-gap-default\">\n\t\t\t\t\t<div class=\"elementor-column elementor-col-100 elementor-top-column elementor-element elementor-element-57bfa22d\" data-id=\"57bfa22d\" data-element_type=\"column\">\n\t\t\t<div class=\"elementor-widget-wrap elementor-element-populated\">\n\t\t\t\t\t\t\t\t<div class=\"elementor-element elementor-element-2af620ad elementor-widget elementor-widget-text-editor\" data-id=\"2af620ad\" data-element_type=\"widget\" data-widget_type=\"text-editor.default\">\n\t\t\t\t<div class=\"elementor-widget-container\">\n\t\t\t\t\t\t\t<p><!-- wp:paragraph --><\/p>\n<p>Edificio de locales parroquiales, vivienda unifamiliar y Rehabilitaci\u00f3n de la Capilla del Sant\u00edsimo Cristo de la C\u00e1rcel. Mairena del Alcor<br><\/p>\n<p><!-- \/wp:paragraph --><\/p>\t\t\t\t\t\t<\/div>\n\t\t\t\t<\/div>\n\t\t\t\t\t<\/div>\n\t\t<\/div>\n\t\t\t\t\t\t\t<\/div>\n\t\t<\/section>\n\t\t\t\t<section class=\"elementor-section elementor-top-section elementor-element elementor-element-4e96261 elementor-section-boxed elementor-section-height-default elementor-section-height-default\" data-id=\"4e96261\" data-element_type=\"section\">\n\t\t\t\t\t\t<div class=\"elementor-container elementor-column-gap-default\">\n\t\t\t\t\t<div class=\"elementor-column elementor-col-100 elementor-top-column elementor-element elementor-element-f15e4f7\" data-id=\"f15e4f7\" data-element_type=\"column\">\n\t\t\t<div class=\"elementor-widget-wrap elementor-element-populated\">\n\t\t\t\t\t\t\t\t<div class=\"elementor-element elementor-element-b70e3ca elementor-widget elementor-widget-gallery\" data-id=\"b70e3ca\" data-element_type=\"widget\" data-settings=\"{&quot;gallery_layout&quot;:&quot;masonry&quot;,&quot;columns&quot;:2,&quot;columns_tablet&quot;:2,&quot;columns_mobile&quot;:1,&quot;gap&quot;:{&quot;unit&quot;:&quot;px&quot;,&quot;size&quot;:10,&quot;sizes&quot;:[]},&quot;gap_tablet&quot;:{&quot;unit&quot;:&quot;px&quot;,&quot;size&quot;:10,&quot;sizes&quot;:[]},&quot;gap_mobile&quot;:{&quot;unit&quot;:&quot;px&quot;,&quot;size&quot;:10,&quot;sizes&quot;:[]},&quot;link_to&quot;:&quot;file&quot;,&quot;overlay_background&quot;:&quot;yes&quot;,&quot;content_hover_animation&quot;:&quot;fade-in&quot;}\" data-widget_type=\"gallery.default\">\n\t\t\t\t<div class=\"elementor-widget-container\">\n\t\t\t\t\t<div class=\"elementor-gallery__container\">\n\t\t\t\t\t\t\t<a class=\"e-gallery-item elementor-gallery-item elementor-animated-content\" href=\"https:\/\/gulbepro.es\/wp-content\/uploads\/2024\/12\/8283f4e1-2930-4ddb-baf7-5c9bea3c6d52.jpg\" data-elementor-open-lightbox=\"yes\" data-elementor-lightbox-slideshow=\"all-b70e3ca\" data-elementor-lightbox-title=\"8283f4e1-2930-4ddb-baf7-5c9bea3c6d52\">\n\t\t\t\t\t<div class=\"e-gallery-image elementor-gallery-item__image\" data-thumbnail=\"https:\/\/gulbepro.es\/wp-content\/uploads\/2024\/12\/8283f4e1-2930-4ddb-baf7-5c9bea3c6d52-1152x1536.jpg\" data-width=\"1152\" data-height=\"1536\" alt=\"\" ><\/div>\n\t\t\t\t\t\t\t\t\t\t\t<div class=\"elementor-gallery-item__overlay\"><\/div>\n\t\t\t\t\t\t\t\t\t\t\t\t\t\t<\/a>\n\t\t\t\t\t\t\t<a class=\"e-gallery-item elementor-gallery-item elementor-animated-content\" href=\"https:\/\/gulbepro.es\/wp-content\/uploads\/2024\/12\/pagina-web.jpg\" data-elementor-open-lightbox=\"yes\" data-elementor-lightbox-slideshow=\"all-b70e3ca\" data-elementor-lightbox-title=\"pagina web\">\n\t\t\t\t\t<div class=\"e-gallery-image elementor-gallery-item__image\" data-thumbnail=\"https:\/\/gulbepro.es\/wp-content\/uploads\/2024\/12\/pagina-web-1153x1536.jpg\" data-width=\"1153\" data-height=\"1536\" alt=\"\" ><\/div>\n\t\t\t\t\t\t\t\t\t\t\t<div class=\"elementor-gallery-item__overlay\"><\/div>\n\t\t\t\t\t\t\t\t\t\t\t\t\t\t<\/a>\n\t\t\t\t\t<\/div>\n\t\t\t<\/div>\n\t\t\t\t<\/div>\n\t\t\t\t<div class=\"elementor-element elementor-element-e9233d3 elementor-invisible elementor-widget elementor-widget-image\" data-id=\"e9233d3\" data-element_type=\"widget\" data-settings=\"{&quot;_animation&quot;:&quot;fadeIn&quot;}\" data-widget_type=\"image.default\">\n\t\t\t\t<div class=\"elementor-widget-container\">\n\t\t\t\t\t\t\t\t\t\t\t\t\t\t\t<img src=\"https:\/\/gulbepro.es\/wp-content\/uploads\/elementor\/thumbs\/84667f0e-b906-4f84-aa06-f8b1fbd3fb79-r87bt1mjlb8j2jjr1p1eyv4strlqhwwzse0zdns87c.jpg\" title=\"84667f0e-b906-4f84-aa06-f8b1fbd3fb79\" alt=\"84667f0e-b906-4f84-aa06-f8b1fbd3fb79\" \/>\t\t\t\t\t\t\t\t\t\t\t\t\t\t\t<\/div>\n\t\t\t\t<\/div>\n\t\t\t\t\t<\/div>\n\t\t<\/div>\n\t\t\t\t\t\t\t<\/div>\n\t\t<\/section>\n\t\t\t\t\t\t<\/div>\n\t\t\t\t\t<\/div>\n\t\t","protected":false},"excerpt":{"rendered":"<p>Edificio de locales parroquiales, vivienda unifamiliar y Rehabilitaci\u00f3n de la Capilla del Sant\u00edsimo Cristo de la C\u00e1rcel. Mairena del Alcor<\/p>\n","protected":false},"author":2,"featured_media":0,"parent":0,"menu_order":0,"comment_status":"closed","ping_status":"closed","template":"","meta":[],"_links":{"self":[{"href":"https:\/\/gulbepro.es\/index.php\/wp-json\/wp\/v2\/pages\/1600"}],"collection":[{"href":"https:\/\/gulbepro.es\/index.php\/wp-json\/wp\/v2\/pages"}],"about":[{"href":"https:\/\/gulbepro.es\/index.php\/wp-json\/wp\/v2\/types\/page"}],"author":[{"embeddable":true,"href":"https:\/\/gulbepro.es\/index.php\/wp-json\/wp\/v2\/users\/2"}],"replies":[{"embeddable":true,"href":"https:\/\/gulbepro.es\/index.php\/wp-json\/wp\/v2\/comments?post=1600"}],"version-history":[{"count":13,"href":"https:\/\/gulbepro.es\/index.php\/wp-json\/wp\/v2\/pages\/1600\/revisions"}],"predecessor-version":[{"id":1668,"href":"https:\/\/gulbepro.es\/index.php\/wp-json\/wp\/v2\/pages\/1600\/revisions\/1668"}],"wp:attachment":[{"href":"https:\/\/gulbepro.es\/index.php\/wp-json\/wp\/v2\/media?parent=1600"}],"curies":[{"name":"wp","href":"https:\/\/api.w.org\/{rel}","templated":true}]}}