{"id":1463,"date":"2024-06-12T11:33:55","date_gmt":"2024-06-12T09:33:55","guid":{"rendered":"https:\/\/gulbepro.es\/?page_id=1463"},"modified":"2024-06-13T09:30:56","modified_gmt":"2024-06-13T07:30:56","slug":"elementor-1463","status":"publish","type":"page","link":"https:\/\/gulbepro.es\/index.php\/elementor-1463\/","title":{"rendered":"Reforma para hostal en Nervi\u00f3n"},"content":{"rendered":"\t\t<div data-elementor-type=\"wp-page\" data-elementor-id=\"1463\" class=\"elementor elementor-1463\" data-elementor-settings=\"[]\">\n\t\t\t\t\t\t\t<div class=\"elementor-section-wrap\">\n\t\t\t\t\t\t\t<section class=\"elementor-section elementor-top-section elementor-element elementor-element-f07d845 elementor-section-boxed elementor-section-height-default elementor-section-height-default\" data-id=\"f07d845\" data-element_type=\"section\">\n\t\t\t\t\t\t<div class=\"elementor-container elementor-column-gap-default\">\n\t\t\t\t\t<div class=\"elementor-column elementor-col-100 elementor-top-column elementor-element elementor-element-7a8308b\" data-id=\"7a8308b\" data-element_type=\"column\">\n\t\t\t<div class=\"elementor-widget-wrap elementor-element-populated\">\n\t\t\t\t\t\t\t\t<div class=\"elementor-element elementor-element-326c1d0 elementor-widget elementor-widget-text-editor\" data-id=\"326c1d0\" data-element_type=\"widget\" data-widget_type=\"text-editor.default\">\n\t\t\t\t<div class=\"elementor-widget-container\">\n\t\t\t\t\t\t\t<p>Rehabilitaci\u00f3n para hostal en Sevilla.<\/p><p>Trabajos de alba\u00f1iler\u00eda (pladur), instalaciones, revestimientos.<\/p>\t\t\t\t\t\t<\/div>\n\t\t\t\t<\/div>\n\t\t\t\t\t<\/div>\n\t\t<\/div>\n\t\t\t\t\t\t\t<\/div>\n\t\t<\/section>\n\t\t\t\t<section class=\"elementor-section elementor-top-section elementor-element elementor-element-1fb3d1c elementor-section-boxed elementor-section-height-default elementor-section-height-default\" data-id=\"1fb3d1c\" data-element_type=\"section\">\n\t\t\t\t\t\t<div class=\"elementor-container elementor-column-gap-default\">\n\t\t\t\t\t<div class=\"elementor-column elementor-col-50 elementor-top-column elementor-element elementor-element-a8c2c77\" data-id=\"a8c2c77\" data-element_type=\"column\">\n\t\t\t<div class=\"elementor-widget-wrap elementor-element-populated\">\n\t\t\t\t\t\t\t\t<div class=\"elementor-element elementor-element-2b93c0d elementor-widget elementor-widget-image\" data-id=\"2b93c0d\" data-element_type=\"widget\" data-widget_type=\"image.default\">\n\t\t\t\t<div class=\"elementor-widget-container\">\n\t\t\t\t\t\t\t\t\t\t\t\t\t\t\t<img src=\"https:\/\/gulbepro.es\/wp-content\/uploads\/elementor\/thumbs\/1-qpjn4b269rxtapm4nj49i4nhaoge6tcuvwysgfxzxk.jpeg\" title=\"1\" alt=\"1\" \/>\t\t\t\t\t\t\t\t\t\t\t\t\t\t\t<\/div>\n\t\t\t\t<\/div>\n\t\t\t\t\t<\/div>\n\t\t<\/div>\n\t\t\t\t<div class=\"elementor-column elementor-col-50 elementor-top-column elementor-element elementor-element-935c388\" data-id=\"935c388\" data-element_type=\"column\">\n\t\t\t<div class=\"elementor-widget-wrap elementor-element-populated\">\n\t\t\t\t\t\t\t\t<div class=\"elementor-element elementor-element-58f78b8 elementor-widget elementor-widget-image\" data-id=\"58f78b8\" data-element_type=\"widget\" data-widget_type=\"image.default\">\n\t\t\t\t<div class=\"elementor-widget-container\">\n\t\t\t\t\t\t\t\t\t\t\t\t\t\t\t<img src=\"https:\/\/gulbepro.es\/wp-content\/uploads\/elementor\/thumbs\/Sin-titulo-qpjn4jipza8tqlxjy23g3gom9auhu7b9blcbqz2hc0.jpg\" title=\"Sin t\u00edtulo\" alt=\"Sin t\u00edtulo\" \/>\t\t\t\t\t\t\t\t\t\t\t\t\t\t\t<\/div>\n\t\t\t\t<\/div>\n\t\t\t\t\t<\/div>\n\t\t<\/div>\n\t\t\t\t\t\t\t<\/div>\n\t\t<\/section>\n\t\t\t\t\t\t<\/div>\n\t\t\t\t\t<\/div>\n\t\t","protected":false},"excerpt":{"rendered":"<p>Rehabilitaci\u00f3n para hostal en Sevilla. Trabajos de alba\u00f1iler\u00eda (pladur), instalaciones, revestimientos.<\/p>\n","protected":false},"author":2,"featured_media":0,"parent":0,"menu_order":0,"comment_status":"closed","ping_status":"closed","template":"","meta":[],"_links":{"self":[{"href":"https:\/\/gulbepro.es\/index.php\/wp-json\/wp\/v2\/pages\/1463"}],"collection":[{"href":"https:\/\/gulbepro.es\/index.php\/wp-json\/wp\/v2\/pages"}],"about":[{"href":"https:\/\/gulbepro.es\/index.php\/wp-json\/wp\/v2\/types\/page"}],"author":[{"embeddable":true,"href":"https:\/\/gulbepro.es\/index.php\/wp-json\/wp\/v2\/users\/2"}],"replies":[{"embeddable":true,"href":"https:\/\/gulbepro.es\/index.php\/wp-json\/wp\/v2\/comments?post=1463"}],"version-history":[{"count":25,"href":"https:\/\/gulbepro.es\/index.php\/wp-json\/wp\/v2\/pages\/1463\/revisions"}],"predecessor-version":[{"id":1526,"href":"https:\/\/gulbepro.es\/index.php\/wp-json\/wp\/v2\/pages\/1463\/revisions\/1526"}],"wp:attachment":[{"href":"https:\/\/gulbepro.es\/index.php\/wp-json\/wp\/v2\/media?parent=1463"}],"curies":[{"name":"wp","href":"https:\/\/api.w.org\/{rel}","templated":true}]}}